{"id":284671,"date":"2025-11-27T12:09:29","date_gmt":"2025-11-27T11:09:29","guid":{"rendered":"https:\/\/alpichalets.com\/page-de-test-avantio\/"},"modified":"2025-11-27T12:24:53","modified_gmt":"2025-11-27T11:24:53","slug":"page-de-test-avantio","status":"publish","type":"page","link":"http:\/\/alpichalets.com\/fr\/page-de-test-avantio\/","title":{"rendered":"Page de test Avantio"},"content":{"rendered":"\t\t<div data-elementor-type=\"wp-page\" data-elementor-id=\"284671\" class=\"elementor elementor-284671 elementor-284666\" data-elementor-post-type=\"page\">\n\t\t\t\t<div class=\"elementor-element elementor-element-20889e8 e-flex e-con-boxed e-con e-parent\" data-id=\"20889e8\" data-element_type=\"container\" data-e-type=\"container\">\n\t\t\t\t\t<div class=\"e-con-inner\">\n\t\t\t\t<div class=\"elementor-element elementor-element-b3a4f8b elementor-widget elementor-widget-shortcode\" data-id=\"b3a4f8b\" data-element_type=\"widget\" data-e-type=\"widget\" data-widget_type=\"shortcode.default\">\n\t\t\t\t<div class=\"elementor-widget-container\">\n\t\t\t\t\t\t\t<div class=\"elementor-shortcode\">\n  <!-- Contenedor del formulario -->\n  <div id='miniformulario_slider'>\n    \r\n<link rel=\"stylesheet\" href=\"https:\/\/crs.avantio.com\/default\/css\/flexible-search.css\" type=\"text\/css\">\r\n<div id=\"sombrap\" >\r\n\t<div id=\"contenedor2\">\r\n\t\t<div id=\"contenidop2\" >\r\n\t\t\t<form name=\"formBusquedaAlquileres\" autocomplete=\"off\" id=\"formBusquedaAlquileres\" target=\"_parent\" method=\"POST\" action=\"\/formularioMiniOptimized.php\">\r\n                <INPUT type=\"hidden\" name=\"FRMNuevaBusqueda\" value='si'>\r\n                <INPUT type=\"hidden\" name=\"FRMPopup\" value='si'>\r\n                <INPUT type=\"hidden\" name=\"FORMULARIO\" value='ALQUILER_ONLINE'>\r\n                <INPUT type=\"hidden\" name=\"FRMPurpose\" value='ALQUILER'>\r\n                <INPUT type=\"hidden\" name=\"bk\"  id=\"bk\" value='bk_alpichalets'>\r\n                <INPUT type=\"hidden\" name=\"Idioma\" id=\"Idioma\" value='FR'>\r\n                <INPUT type=\"hidden\" name=\"EdadesNinyos\" id=\"EdadesNinyos\" value=''>\r\n                <INPUT type=\"hidden\" name=\"tiposPlural\"  id=\"tiposPlural\" value='appartements-chalets-studio'>\r\n                <INPUT type=\"hidden\" name=\"idbk\"  id=\"idbk\" value='5596'>\r\n                <INPUT type=\"hidden\" name=\"esPortal\"  id=\"esPortal\" value='0'>\r\n                <INPUT type=\"hidden\" name=\"esBk2\"  id=\"esBk2\" value=''>\r\n                <INPUT type=\"hidden\" name=\"idReferer\"  id=\"idReferer\" value=''>\r\n                <INPUT type=\"hidden\" name=\"Margen_inicio_reserva\"  id=\"Margen_inicio_reserva\" value='1'>\r\n                <INPUT type=\"hidden\" name=\"RELEASE_MIN_PROPIEDAD\"  id=\"RELEASE_MIN_PROPIEDAD\" value=''>\r\n                <INPUT type=\"hidden\" name=\"release_time_zone\"  id=\"release_time_zone\"  value=''>\r\n                <INPUT type=\"hidden\" name=\"limitMonths\"  id=\"limitMonths\"  value='12'>\r\n                <INPUT type=\"hidden\" name=\"seleccionObligadaPais\"  id=\"seleccionObligadaPais\" value='0'>\r\n                <INPUT type=\"hidden\" name=\"seleccionObligadaZona\"  id=\"seleccionObligadaZona\" value='0'>\r\n                <INPUT type=\"hidden\" name=\"seleccionObligadaProvincia\"  id=\"seleccionObligadaProvincia\" value='0'>\r\n                <INPUT type=\"hidden\" name=\"seleccionObligadaRegionProvincia\"  id=\"seleccionObligadaRegionProvincia\" value='0'>\r\n                <INPUT type=\"hidden\" name=\"seleccionObligadaPoblacion\"  id=\"seleccionObligadaPoblacion\" value='0'>\r\n                <INPUT type=\"hidden\" name=\"filtroNombre\"  id=\"filtroNombre\" value='1'>\r\n                <INPUT type=\"hidden\" name=\"filtroPais\"  id=\"filtroPais\" value='1'>\r\n                <INPUT type=\"hidden\" name=\"filtroZonas\"  id=\"filtroZonas\" value='0'>\r\n                <INPUT type=\"hidden\" name=\"filtroRegionProvincia\" id=\"filtroRegionProvincia\" value='0'>\r\n                <INPUT type=\"hidden\" name=\"filtroProvincia\" id=\"filtroProvincia\" value='0'>\r\n                <INPUT type=\"hidden\" name=\"filtroCategoriasBuscador\" id=\"filtroCategoriasBuscador\" value='0'>\r\n                <INPUT type=\"hidden\" name=\"filtroDestino\" id=\"filtroDestino\" value='1'>\r\n                <INPUT type=\"hidden\" name=\"filtroUrbaEdif\" id=\"filtroUrbaEdif\" value='0'>\r\n                <INPUT type=\"hidden\" name=\"filtroClase\" id=\"filtroClase\" value='1'>\r\n                <INPUT type=\"hidden\" name=\"filtroBarrio\" id=\"filtroBarrio\" value='0'>\r\n                <INPUT type=\"hidden\" name=\"errorBusquedaPais\"  id=\"errorBusquedaPais\" value='Vous devez s\u00e9lectionner un pays'>\r\n                <INPUT type=\"hidden\" name=\"errorBusquedaDestino\"  id=\"errorBusquedaDestino\" value='Vous devez s\u00e9lectionner une localit\u00e8'>\r\n                <INPUT type=\"hidden\" name=\"errorBusquedaProvincia\"  id=\"errorBusquedaProvincia\" value='Vous devez s\u00e9lectionner un d\u00e9partement'>\r\n                <INPUT type=\"hidden\" name=\"errorBusquedaRegionProvincia\"  id=\"errorBusquedaRegionProvincia\" value='Vous devez s\u00e9lectionner une r\u00e9gion-d\u00e9partement'>\r\n                <INPUT type=\"hidden\" name=\"errorBusquedaZona\"  id=\"errorBusquedaZona\" value='Vous devez s\u00e9lectionner une r\u00e9gion'>\r\n                <INPUT type=\"hidden\" name=\"errorBusquedaAdultos\"  id=\"errorBusquedaAdultos\" value='S\u00b4il vous pla\u00eet, introduisez un nombre de personnes'>\r\n\t\t\t\t<INPUT type=\"hidden\" name=\"errorBusquedaNinyos\"  id=\"errorBusquedaNinyos\" value=\"Veuillez introduire l\u00b4\u00e2ge des enfants\">\r\n                <INPUT type=\"hidden\" name=\"textoMetasEn\"  id=\"textoMetasEn\" value='a'>\r\n                <INPUT type=\"hidden\" name=\"urlAlquiler\"  id=\"urlAlquiler\" value='location'>  \r\n                <INPUT type=\"hidden\" name=\"urlAlq\"  id=\"urlAlq\" value='location'>\r\n                <INPUT type=\"hidden\" name=\"urlVac\"  id=\"urlVac\" value='de-vacances'>\r\n                <INPUT type=\"hidden\" name=\"textoMetasEn\"  id=\"textoMetasEn\" value='a'>\r\n                <INPUT type=\"hidden\" name=\"i18tiposPlural\"  id=\"i18tiposPlural\" value=\"1\/appartements;2\/villas;3\/hotels;4\/apparhotels;6\/appartements;7\/locaux-commerciaux;9\/g\u00eete-ruraux;10\/garages;13\/chalets;14\/studio;19\/maisons;20\/chalets;21\/bungalows;22\/domaine;27\/mobile-home;28\/chambres-hotes;29\/apparts-au-dernier-\u00e9tage;30\/cession-de-bail;31\/bateaux;32\/r\u00e9sidences;33\/maisons-mitoyennes;34\/s\u00e9jours-\u00e0-la-ferme;35\/trullo;36\/Cabanes;\">\r\n                <INPUT type=\"hidden\" name=\"cargandoDatos\"  id=\"cargandoDatos\" value='Donn\u00e9es de chargement...'>\r\n                <INPUT type=\"hidden\" name=\"formatoUrl\"  id=\"formatoUrl\" value=1>\r\n                <INPUT type=\"hidden\" name=\"UrlOnline\"  id=\"UrlOnline\" value='1'>\r\n                <INPUT type=\"hidden\" name=\"APP_PROTO\"  id=\"APP_PROTO\" value='https:'>\r\n                <INPUT type=\"hidden\" name=\"ES_MINIFORM\" id=\"ES_MINIFORM\" value='1'>\r\n                <INPUT type=\"hidden\" name=\"datePickerFormat\" id=\"datePickerFormat\" value='dd\/mm\/yy'>\r\n                <INPUT type=\"hidden\" name=\"firstDayOfWeek\" id=\"firstDayOfWeek\" value='1'>\r\n                <INPUT type=\"hidden\" name=\"EDAD_MAXIMA_NINYO\" id=\"EDAD_MAXIMA_NINYO\" value='14'>\r\n                <INPUT type=\"hidden\" name=\"target\" id=\"target\" value=''>\r\n                <INPUT type=\"hidden\" name=\"flexible-search\" id=\"flexible-search\" value='1'>\r\n                <INPUT type=\"hidden\" name=\"template-version\" id=\"template-version\" value='redesign'>\r\n                                                <INPUT type=\"hidden\" name=\"rutaRewriteOnline\"  id=\"rutaRewriteOnline\" value='booking.alpichalets.com\/fr'>\r\n                                <INPUT type=\"hidden\" name=\"BusquedaPor\"  id=\"BusquedaPor\" value='ZONAS-REGIONES'>\r\n\r\n                                <div id=\"tabla_form\">\r\n                    \n    <div class=\"wrapper-travel-period formGroup formGroupBig\">\n      <div class=\"form_item\">\n        <label for=\"travel-period\">Les dates<\/label>\n        <input placeholder=\"Depuis le - Jusqu'au\" name=\"travel-period\" id=\"travel-period\" type=\"text\" class=\"select_formulario buscador_home_input_dia\" value=\"\" size=\"12\" readonly=\"true\" \/>\n        <input data-translation=\"Depuis le\" name=\"FRMEntrada\" id=\"FRMEntrada\" type=\"hidden\" value=\"\" readonly=\"true\" \/>\n        <input data-translation=\"Jusqu'au\" name=\"FRMSalida\" id=\"FRMSalida\" type=\"hidden\" value=\"\" readonly=\"true\" \/>\n        <input data-translation=\"nuit,nuits\" name=\"FRMNoches\" id=\"FRMNoches\" type=\"hidden\" value=\"\" readonly=\"true\" \/>\n\n        <div id=\"flexible-search-container\">\n    <div class=\"flexible-search-form\">\n        <div class=\"form-input-container\">\n            <div class=\"box-flexible-search fwk-bg\">\n                <div class=\"fwk-color item-box\"><\/div>\n                <i class=\"icon icon-arrow-left\"><\/i>\n            <\/div>\n            <div class=\"form-input-container-header\">\n                <label class=\"flexible-search-label\">\n                    Recherche flexible                    <svg id=\"fs-icon-info\" width=\"16px\" height=\"16px\" viewBox=\"0 0 16 16\" version=\"1.1\" xmlns=\"http:\/\/www.w3.org\/2000\/svg\" xmlns:xlink=\"http:\/\/www.w3.org\/1999\/xlink\">\n                        <g id=\"svg-icon-info\" stroke=\"none\" stroke-width=\"1\" fill=\"none\" fill-rule=\"evenodd\">\n                            <g transform=\"translate(-528.000000, -790.000000)\" class=\"fwk-color\">\n                                <g id=\"Calendar\" transform=\"translate(339.000000, 457.000000)\">\n                                    <g id=\"Icon\/Tooltip\/Corporative\" transform=\"translate(189.000000, 333.000000)\">\n                                        <g id=\"Info-Icon\/Small\">\n                                            <path d=\"M8,16 C12.4184889,16 16,12.4183111 16,8 C16,3.58168889 12.4184889,0 8,0 C3.58151111,0 0,3.58168889 0,8 C0,12.4183111 3.58151111,16 8,16 Z\" id=\"Info-Icon\" fill-rule=\"nonzero\" opacity=\"0.198716518\"><\/path>\n                                            <path d=\"M8.35555556,3.55555556 C8.94478222,3.55555556 9.42222222,4.06579297 9.42222222,4.6951567 C9.42222222,5.32452042 8.94478222,5.83475783 8.35555556,5.83475783 C7.76632889,5.83475783 7.28888889,5.32452042 7.28888889,4.6951567 C7.28888889,4.06579297 7.76632889,3.55555556 8.35555556,3.55555556 Z M8,6.3665717 C9.06666667,6.3665717 9.32536889,7.03893637 9.20590222,7.86841406 L8.71111111,11.3048433 C8.71111111,11.3048433 9.06666667,11.3048433 9.77777778,10.9249763 C9.77777778,10.9249763 9.42222222,12.4444444 8,12.4444444 C6.93333333,12.4444444 6.67463111,11.7720798 6.79409778,10.9426021 L7.28888889,7.50617284 C7.28888889,7.50617284 6.93333333,7.50617284 6.22222222,7.88603989 C6.22222222,7.88603989 6.57777778,6.3665717 8,6.3665717 Z\" id=\"Info-i\" fill-rule=\"nonzero\"><\/path>\n                                        <\/g>\n                                    <\/g>\n                                <\/g>\n                            <\/g>\n                        <\/g>\n                    <\/svg>\n                <\/label>\n                <div class=\"switch-button-wrapper\">\n                    <input type=\"checkbox\" id=\"toggle-flexible-search\" onclick=\"toggleFlexibleSearch()\">\n                    <span class=\"switch-button\">\n                        <span class=\"switch-button-inside\"><\/span>\n                    <\/span>\n                <\/div>\n            <\/div>\n        <\/div>\n        <div class=\"form-input-container\">\n            <label for=\"select-nights\" class=\"form-input-night\">\n                <span>N\u00ba de nuits:<\/span>\n                <select name=\"select-nights\" onchange=\"onChangeNights()\">\n                    <option> -- <\/option>                <\/select>\n            <\/label>\n            <div class=\"button-apply-search\" onclick=\"hideDatePicker()\">\n                <span class=\"fwk-color\">Appliquer<\/span>\n            <\/div>\n        <\/div>\n    <\/div>\n    <div class=\"flexible-search-info-container\">\n        <div>\n            <i class=\"icon icon-cancel\"><\/i>\n        <\/div>\n        <div class=\"flexible-search-info-main\">\n            <span class=\"flexible-search-info-title\">Vos dates sont-elles flexibles ?<\/span>\n            <span class=\"flexible-search-info-text\">Indiquez la plage de dates dans laquelle vous souhaitez s\u00e9journer et le nombre de nuits, et nous vous montrerons les options et les meilleurs prix disponibles.<\/span>\n        <\/div>\n    <\/div>\n<\/div>      <\/div>\n    <\/div>\n\n      <div class=\"wrapper-FRMPais formGroup formGroupBig\">\n      <div class=\"FRMPais form_item\">\n        <label for=\"FRMPais\">Pays<\/label>\n        <select name=\"FRMPais\" class=\"select select_formulario\" id=\"FRMPais\" onChange=\"javascript:ejecutaXAJAX('FRMPais');\">\n          <option value=''>Choisir<\/option><option value='5'>France (20)<\/option>        <\/select>\n      <\/div>\n    <\/div>\n      <div class=\"wrapper-FRMDestino formGroup formGroupBig\">\n      <div class=\"FRMDestino form_item\">\n        <label for=\"FRMDestino\">Localit\u00e9<\/label>\n        <select name=\"FRMDestino\" id=\"FRMDestino\" class=\"select select_formulario\" onChange=\"javascript:ejecutaXAJAX('FRMDestino');\">\n          <option value=''>Choisir<\/option><option value='35100'>Les Gets (20)<\/option>        <\/select>\n      <\/div>\n    <\/div>\n  \n  <div class=\"wrapper-FRMClase formGroup formGroupBig\">\n    <div class=\"FRMClase form_item\">\n      <label for=\"FRMClase\">Logement<\/label>\n      <select name=\"FRMClase\" id=\"FRMClase\" class=\"select select_formulario\">\n        <option value=''>Choisir<\/option><option value='1'>Appartement<\/option><option value='20'>Chalet<\/option><option value='14'>Studio<\/option>      <\/select>\n    <\/div>\n  <\/div>\n  <div class=\"wrapper-FRMAdultos formGroup formGroupSmall\">\n    <div class=\"FRMAdultos form_item\">\n      <label for=\"FRMAdultos\">Adultes<\/label>\n      <select name=\"FRMAdultos\" id=\"FRMAdultos\" class=\"select select_formulario\">\n        <option value=\"\">Choisir<\/option><option value=\"1\" >1<\/option><option value=\"2\" >2<\/option><option value=\"3\" >3<\/option><option value=\"4\" >4<\/option><option value=\"5\" >5<\/option><option value=\"6\" >6<\/option><option value=\"7\" >7<\/option><option value=\"8\" >8<\/option><option value=\"9\" >9<\/option><option value=\"10\" >10<\/option><option value=\"11\" >11<\/option><option value=\"12\" >12<\/option><option value=\"13\" >13<\/option><option value=\"14\" >14<\/option><option value=\"15\" >15<\/option><option value=\"16\" >16<\/option><option value=\"17\" >17<\/option><option value=\"18\" >18<\/option><option value=\"19\" >19<\/option><option value=\"20\" >20<\/option>      <\/select>\n    <\/div>\n  <\/div>\n  <div class=\"wrapper-FRMNinyos formGroup formGroupSmall\">\n    <div class=\"FRMNinyos form_item\">\n      <label for=\"FRMNinyos\">Enfants<\/label>\n      <select placeholder=\"Ni\u00f1os\" id=\"FRMNinyos\" name=\"FRMNinyos\" class=\"select select_formulario separa\" onChange=\"javascript:OcultaBoton();\">\n        <option value=\"\">Choisir<\/option><option value=\"1\" >1<\/option><option value=\"2\" >2<\/option><option value=\"3\" >3<\/option><option value=\"4\" >4<\/option><option value=\"5\" >5<\/option><option value=\"6\" >6<\/option>      <\/select>\n    <\/div>\n  <\/div>\n\n<div id=\"contenido_buscar\" class=\"formGroup formGroupBig\">\n  <a href=\"javascript:void(0)\" class=\"boton notranslate\" id=\"buscar\" onclick=\"if (validaForm()){enviaForm('')};\" aria-label=\"Rechercher des propri\u00e9t\u00e9s\">Rechercher<\/a>\n<\/div>\n                <\/div>\r\n            <\/form>\r\n        <\/div>\r\n    <\/div>\r\n<\/div>\r\n\t<script type=\"text\/javascript\">\nvar xajaxRequestUri=\"https:\/\/booking.alpichalets.com\/fr\/location\/gestorFormulario.php\";\nvar xajaxDebug=false;\nvar xajaxStatusMessages=false;\nvar xajaxWaitCursor=true;\nvar xajaxDefinedGet=0;\nvar xajaxDefinedPost=1;\nvar xajaxLoaded=false;\nfunction xajax_buscando(){return xajax.call(\"buscando\", arguments, 1);}\nfunction xajax_resultados(){return xajax.call(\"resultados\", arguments, 1);}\nfunction xajax_edadesninyos(){return xajax.call(\"edadesninyos\", arguments, 1);}\nfunction xajax_edadesninyos2(){return xajax.call(\"edadesninyos2\", arguments, 1);}\nfunction xajax_calculaDispoLE(){return xajax.call(\"calculaDispoLE\", arguments, 1);}\nfunction xajax_calculaPrecio(){return xajax.call(\"calculaPrecio\", arguments, 1);}\nfunction xajax_showTarifas(){return xajax.call(\"showTarifas\", arguments, 1);}\nfunction xajax_appendTarifa(){return xajax.call(\"appendTarifa\", arguments, 1);}\nfunction xajax_appendDescuento(){return xajax.call(\"appendDescuento\", arguments, 1);}\nfunction xajax_showPeriodos(){return xajax.call(\"showPeriodos\", arguments, 1);}\nfunction xajax_calculaPrecioHotel(){return xajax.call(\"calculaPrecioHotel\", arguments, 1);}\nfunction xajax_refrescaCombos(){return xajax.call(\"refrescaCombos\", arguments, 1);}\nfunction xajax_autoComplete(){return xajax.call(\"autoComplete\", arguments, 1);}\nfunction xajax_insertaFavorito(){return xajax.call(\"insertaFavorito\", arguments, 1);}\nfunction xajax_codigoPromocional(){return xajax.call(\"codigoPromocional\", arguments, 1);}\nfunction xajax_guardaValoracionUtil(){return xajax.call(\"guardaValoracionUtil\", arguments, 1);}\nfunction xajax_getURLBusqueda(){return xajax.call(\"getURLBusqueda\", arguments, 1);}\nfunction xajax_getURLForm(){return xajax.call(\"getURLForm\", arguments, 1);}\nfunction xajax_setCookieCurrency(){return xajax.call(\"setCookieCurrency\", arguments, 1);}\nfunction xajax_enviaContacto(){return xajax.call(\"enviaContacto\", arguments, 1);}\nfunction xajax_calculaPrecioReserva(){return xajax.call(\"calculaPrecioReserva\", arguments, 1);}\nfunction xajax_changeUrlResultados(){return xajax.call(\"changeUrlResultados\", arguments, 1);}\nfunction xajax_sendByEmail(){return xajax.call(\"sendByEmail\", arguments, 1);}\n\t<\/script>\n\t<script type=\"text\/javascript\" src=\"https:\/\/crs.avantio.com\/default\/js\/xajax\/xajax_js\/xajax.js\"><\/script>\n\t<script type=\"text\/javascript\">\nwindow.setTimeout(function () { if (!xajaxLoaded) { alert('Error: the xajax Javascript file could not be included. Perhaps the URL is incorrect?\\nURL: .\/default\/js\/xajax\/xajax_js\/xajax.js'); } }, 6000);\n\t<\/script>\n  <\/div>\n\n  <!-- Llamada a JS necesarios -->\n  <script>if (!window.jQuery || typeof jQuery == 'undefined') {document.write('<script src=\"https:\/\/crs.avantio.com\/default\/js\/jquery-3.4.1.min.js\"><\\\/script>')}<\/script>\r\n<script async type=\"text\/javascript\" src=\"https:\/\/crs.avantio.com\/default\/js\/stringsFunctions.js\"><\/script>\r\n<script async type=\"text\/javascript\" src=\"https:\/\/crs.avantio.com\/default\/js\/formulario_miniselects.js\"><\/script>\r\n<script>if (jQuery('#autosuggest').length>0) {\r\ndocument.write('<script src=\"https:\/\/crs.avantio.com\/default\/js\/jquery-ui-1.12.1.min.js\"><\\\/script>');\r\ndocument.write('<script type=\"text\/javascript\" src=\"https:\/\/crs.avantio.com\/default\/js\/crs_generic.js\"><\\\/script>');\r\n}\r\n<\/script>\r\n  \n  \n  <\/div>\n\t\t\t\t\t\t<\/div>\n\t\t\t\t<\/div>\n\t\t\t\t\t<\/div>\n\t\t\t\t<\/div>\n\t\t\t\t<\/div>\n\t\t","protected":false},"excerpt":{"rendered":"","protected":false},"author":1,"featured_media":0,"parent":0,"menu_order":0,"comment_status":"closed","ping_status":"closed","template":"","meta":{"footnotes":""},"class_list":["post-284671","page","type-page","status-publish","hentry","entry"],"yoast_head":"<!-- This site is optimized with the Yoast SEO plugin v27.5 - https:\/\/yoast.com\/product\/yoast-seo-wordpress\/ -->\n<title>Page de test Avantio - Chalet Rental, Management &amp; Concierge Les Gets<\/title>\n<meta name=\"robots\" content=\"index, follow, max-snippet:-1, max-image-preview:large, max-video-preview:-1\" \/>\n<link rel=\"canonical\" href=\"http:\/\/alpichalets.com\/fr\/page-de-test-avantio\/\" \/>\n<meta property=\"og:locale\" content=\"fr_FR\" \/>\n<meta property=\"og:type\" content=\"article\" \/>\n<meta property=\"og:title\" content=\"Page de test Avantio - Chalet Rental, Management &amp; Concierge Les Gets\" \/>\n<meta property=\"og:url\" content=\"http:\/\/alpichalets.com\/fr\/page-de-test-avantio\/\" \/>\n<meta property=\"og:site_name\" content=\"Chalet Rental, Management &amp; Concierge Les Gets\" \/>\n<meta property=\"article:modified_time\" content=\"2025-11-27T11:24:53+00:00\" \/>\n<meta name=\"twitter:card\" content=\"summary_large_image\" \/>\n<script type=\"application\/ld+json\" class=\"yoast-schema-graph\">{\"@context\":\"https:\\\/\\\/schema.org\",\"@graph\":[{\"@type\":\"WebPage\",\"@id\":\"http:\\\/\\\/alpichalets.com\\\/fr\\\/page-de-test-avantio\\\/\",\"url\":\"http:\\\/\\\/alpichalets.com\\\/fr\\\/page-de-test-avantio\\\/\",\"name\":\"Page de test Avantio - Chalet Rental, Management &amp; Concierge Les Gets\",\"isPartOf\":{\"@id\":\"https:\\\/\\\/alpichalets.com\\\/fr\\\/#website\"},\"datePublished\":\"2025-11-27T11:09:29+00:00\",\"dateModified\":\"2025-11-27T11:24:53+00:00\",\"breadcrumb\":{\"@id\":\"http:\\\/\\\/alpichalets.com\\\/fr\\\/page-de-test-avantio\\\/#breadcrumb\"},\"inLanguage\":\"fr-FR\",\"potentialAction\":[{\"@type\":\"ReadAction\",\"target\":[\"http:\\\/\\\/alpichalets.com\\\/fr\\\/page-de-test-avantio\\\/\"]}]},{\"@type\":\"BreadcrumbList\",\"@id\":\"http:\\\/\\\/alpichalets.com\\\/fr\\\/page-de-test-avantio\\\/#breadcrumb\",\"itemListElement\":[{\"@type\":\"ListItem\",\"position\":1,\"name\":\"Home\",\"item\":\"https:\\\/\\\/alpichalets.com\\\/fr\\\/\"},{\"@type\":\"ListItem\",\"position\":2,\"name\":\"Page de test Avantio\"}]},{\"@type\":\"WebSite\",\"@id\":\"https:\\\/\\\/alpichalets.com\\\/fr\\\/#website\",\"url\":\"https:\\\/\\\/alpichalets.com\\\/fr\\\/\",\"name\":\"Chalet Rental, Management & Concierge Les Gets\",\"description\":\"\",\"publisher\":{\"@id\":\"https:\\\/\\\/alpichalets.com\\\/fr\\\/#organization\"},\"potentialAction\":[{\"@type\":\"SearchAction\",\"target\":{\"@type\":\"EntryPoint\",\"urlTemplate\":\"https:\\\/\\\/alpichalets.com\\\/fr\\\/?s={search_term_string}\"},\"query-input\":{\"@type\":\"PropertyValueSpecification\",\"valueRequired\":true,\"valueName\":\"search_term_string\"}}],\"inLanguage\":\"fr-FR\"},{\"@type\":\"Organization\",\"@id\":\"https:\\\/\\\/alpichalets.com\\\/fr\\\/#organization\",\"name\":\"Chalet Rental, Management & Concierge Les Gets\",\"url\":\"https:\\\/\\\/alpichalets.com\\\/fr\\\/\",\"logo\":{\"@type\":\"ImageObject\",\"inLanguage\":\"fr-FR\",\"@id\":\"https:\\\/\\\/alpichalets.com\\\/fr\\\/#\\\/schema\\\/logo\\\/image\\\/\",\"url\":\"https:\\\/\\\/alpichalets.com\\\/wp-content\\\/uploads\\\/2023\\\/11\\\/cropped-Favicon.png\",\"contentUrl\":\"https:\\\/\\\/alpichalets.com\\\/wp-content\\\/uploads\\\/2023\\\/11\\\/cropped-Favicon.png\",\"width\":512,\"height\":512,\"caption\":\"Chalet Rental, Management & Concierge Les Gets\"},\"image\":{\"@id\":\"https:\\\/\\\/alpichalets.com\\\/fr\\\/#\\\/schema\\\/logo\\\/image\\\/\"}}]}<\/script>\n<!-- \/ Yoast SEO plugin. -->","yoast_head_json":{"title":"Page de test Avantio - Chalet Rental, Management &amp; Concierge Les Gets","robots":{"index":"index","follow":"follow","max-snippet":"max-snippet:-1","max-image-preview":"max-image-preview:large","max-video-preview":"max-video-preview:-1"},"canonical":"http:\/\/alpichalets.com\/fr\/page-de-test-avantio\/","og_locale":"fr_FR","og_type":"article","og_title":"Page de test Avantio - Chalet Rental, Management &amp; Concierge Les Gets","og_url":"http:\/\/alpichalets.com\/fr\/page-de-test-avantio\/","og_site_name":"Chalet Rental, Management &amp; Concierge Les Gets","article_modified_time":"2025-11-27T11:24:53+00:00","twitter_card":"summary_large_image","schema":{"@context":"https:\/\/schema.org","@graph":[{"@type":"WebPage","@id":"http:\/\/alpichalets.com\/fr\/page-de-test-avantio\/","url":"http:\/\/alpichalets.com\/fr\/page-de-test-avantio\/","name":"Page de test Avantio - Chalet Rental, Management &amp; Concierge Les Gets","isPartOf":{"@id":"https:\/\/alpichalets.com\/fr\/#website"},"datePublished":"2025-11-27T11:09:29+00:00","dateModified":"2025-11-27T11:24:53+00:00","breadcrumb":{"@id":"http:\/\/alpichalets.com\/fr\/page-de-test-avantio\/#breadcrumb"},"inLanguage":"fr-FR","potentialAction":[{"@type":"ReadAction","target":["http:\/\/alpichalets.com\/fr\/page-de-test-avantio\/"]}]},{"@type":"BreadcrumbList","@id":"http:\/\/alpichalets.com\/fr\/page-de-test-avantio\/#breadcrumb","itemListElement":[{"@type":"ListItem","position":1,"name":"Home","item":"https:\/\/alpichalets.com\/fr\/"},{"@type":"ListItem","position":2,"name":"Page de test Avantio"}]},{"@type":"WebSite","@id":"https:\/\/alpichalets.com\/fr\/#website","url":"https:\/\/alpichalets.com\/fr\/","name":"Chalet Rental, Management & Concierge Les Gets","description":"","publisher":{"@id":"https:\/\/alpichalets.com\/fr\/#organization"},"potentialAction":[{"@type":"SearchAction","target":{"@type":"EntryPoint","urlTemplate":"https:\/\/alpichalets.com\/fr\/?s={search_term_string}"},"query-input":{"@type":"PropertyValueSpecification","valueRequired":true,"valueName":"search_term_string"}}],"inLanguage":"fr-FR"},{"@type":"Organization","@id":"https:\/\/alpichalets.com\/fr\/#organization","name":"Chalet Rental, Management & Concierge Les Gets","url":"https:\/\/alpichalets.com\/fr\/","logo":{"@type":"ImageObject","inLanguage":"fr-FR","@id":"https:\/\/alpichalets.com\/fr\/#\/schema\/logo\/image\/","url":"https:\/\/alpichalets.com\/wp-content\/uploads\/2023\/11\/cropped-Favicon.png","contentUrl":"https:\/\/alpichalets.com\/wp-content\/uploads\/2023\/11\/cropped-Favicon.png","width":512,"height":512,"caption":"Chalet Rental, Management & Concierge Les Gets"},"image":{"@id":"https:\/\/alpichalets.com\/fr\/#\/schema\/logo\/image\/"}}]}},"_links":{"self":[{"href":"http:\/\/alpichalets.com\/fr\/wp-json\/wp\/v2\/pages\/284671","targetHints":{"allow":["GET"]}}],"collection":[{"href":"http:\/\/alpichalets.com\/fr\/wp-json\/wp\/v2\/pages"}],"about":[{"href":"http:\/\/alpichalets.com\/fr\/wp-json\/wp\/v2\/types\/page"}],"author":[{"embeddable":true,"href":"http:\/\/alpichalets.com\/fr\/wp-json\/wp\/v2\/users\/1"}],"replies":[{"embeddable":true,"href":"http:\/\/alpichalets.com\/fr\/wp-json\/wp\/v2\/comments?post=284671"}],"version-history":[{"count":1,"href":"http:\/\/alpichalets.com\/fr\/wp-json\/wp\/v2\/pages\/284671\/revisions"}],"predecessor-version":[{"id":284674,"href":"http:\/\/alpichalets.com\/fr\/wp-json\/wp\/v2\/pages\/284671\/revisions\/284674"}],"wp:attachment":[{"href":"http:\/\/alpichalets.com\/fr\/wp-json\/wp\/v2\/media?parent=284671"}],"curies":[{"name":"wp","href":"https:\/\/api.w.org\/{rel}","templated":true}]}}